{"id":9910,"date":"2017-10-16T15:12:50","date_gmt":"2017-10-16T17:12:50","guid":{"rendered":"https:\/\/www.iquilibrio.com\/blog\/?page_id=9910"},"modified":"2022-07-12T17:42:02","modified_gmt":"2022-07-12T20:42:02","slug":"3-runas-online-gratis","status":"publish","type":"page","link":"https:\/\/www.iquilibrio.com\/blog\/3-runas-online-gratis\/","title":{"rendered":"Jogo das 3 Runas Online Gr\u00e1tis"},"content":{"rendered":"<p>Agora voc\u00ea pode <a href=\"https:\/\/www.iquilibrio.com\/runas\/?utm_campaign=blog_conversao&amp;utm_medium=texto_cta&amp;utm_source=blog&amp;utm_content=20220712_jogo_3-runas-gratis_trecho_paragrafo1\"><span class=\"class-texto-consultas\">jogar runas online<\/span><\/a> em mais um or\u00e1culo da iQuilibrio. Jogue as\u00a0<strong>Runas de Odin<\/strong> e descubra o que os Deuses N\u00f3rdicos querem te dizer!<\/p>\n<p>Voc\u00ea gosta dos<strong> jogos de runas e tarot gr\u00e1tis<\/strong>? N\u00e3o deixe de conhecer tamb\u00e9m os outros jogos dispon\u00edveis aqui em nosso blog!<\/p>\n<p style=\"text-align: center;\"><span style=\"color: #ffffff; background-color: #ffffff;\"><a style=\"color: #ffffff; background-color: #ffffff;\" href=\"https:\/\/www.iquilibrio.com\/runas\/?utm_campaign=blog_conversao&amp;utm_medium=texto_cta&amp;utm_source=blog&amp;utm_content=20220712_jogo_3-runas-gratis_botao_abaixo_paragrafo2\"><span class=\"td_btn td_btn_lg td_round_btn class-cta1\">Procurando por respostas para melhorar sua vida? Saiba AQUI o que as Runas t\u00eam para te revelar!<\/span><\/a><\/span><\/p>\n<h2>Como Jogar Runas Gr\u00e1tis?<\/h2>\n<p><strong>Jogar Runas Online<\/strong>\u00a0\u00e9 uma das ferramentas mais eficazes para responder perguntas diretas e objetivas sobre qualquer \u00e1rea da vida, mas tamb\u00e9m d\u00e1 clareza para perguntas mais profundas sobre amor, trabalho, fam\u00edlia, sa\u00fade ou em outros temas. Gostaria de saber mais sobre? Participe do\u00a0<strong>jogo das 3 runas GR\u00c1TIS!<\/strong><\/p>\n<p>Para participar do <strong>jogo de runas online\u00a0<\/strong>siga os seguintes passos:<\/p>\n<ol>\n<li>Mentalize uma quest\u00e3o que gostaria de resposta;<\/li>\n<li>Clique na runa que mais te chamar aten\u00e7\u00e3o;<\/li>\n<li>Leia a interpreta\u00e7\u00e3o.<\/li>\n<\/ol>\n<p>Participe!<\/p>\n<div style=\"border-radius: 5px; background-image: url('https:\/\/www.iquilibrio.com\/blog\/wp-content\/uploads\/2017\/10\/pattern-runas-1.jpg'); padding: 18px; width: 100%; text-align: center;\">\n<h2 style=\"color: #ffffff; text-align: center;\"><strong>Escolha uma das tr\u00eas runas abaixo e veja o resultado:<\/strong><\/h2>\n<div id=\"gamechoices\"><a><img loading=\"lazy\" decoding=\"async\" src=\"https:\/\/www.iquilibrio.com\/blog\/wp-content\/uploads\/2017\/10\/runa-1.png\" width=\"180\" height=\"300\" \/><\/a><a><img loading=\"lazy\" decoding=\"async\" src=\"https:\/\/www.iquilibrio.com\/blog\/wp-content\/uploads\/2017\/10\/runa-2.png\" width=\"180\" height=\"300\" \/><\/a><a><img loading=\"lazy\" decoding=\"async\" src=\"https:\/\/www.iquilibrio.com\/blog\/wp-content\/uploads\/2017\/10\/runa-3.png\" width=\"180\" height=\"300\" \/><\/a><\/div>\n<p><iframe loading=\"lazy\" style=\"border: none; overflow: hidden;\" src=\"https:\/\/www.facebook.com\/plugins\/share_button.php?href=https%3A%2F%2Fwww.iquilibrio.com%2Fblog%2Fjogo-das-3-runas-gratis%2F&amp;layout=button_count&amp;size=large&amp;mobile_iframe=true&amp;appId=1785595141694810&amp;width=129&amp;height=28\" width=\"129\" height=\"28\" frameborder=\"0\" scrolling=\"no\"><\/iframe><\/p>\n<\/div>\n<h2 style=\"text-align: center;\">Quer uma Previs\u00e3o de Runas Online de Forma Detalhada?<\/h2>\n<p>Ficou com alguma d\u00favida ou tem curiosidade de uma interpreta\u00e7\u00e3o detalhada do seu <strong>runas gr\u00e1tis<\/strong>? Fale ent\u00e3o com um dos nossos <a href=\"https:\/\/www.iquilibrio.com\/esotericos\/?utm_campaign=blog_conversao&amp;utm_medium=texto_cta&amp;utm_source=blog&amp;utm_content=20220712_jogo_3-runas-gratis_trecho_penultimo_paragrafo\"><span class=\"class-texto-esotericos\">esot\u00e9ricos\u00a0online<\/span><\/a>!<\/p>\n<p>N\u00e3o perca tempo e venha tamb\u00e9m <a href=\"https:\/\/www.iquilibrio.com\/blog\/tarot-marselha-3-cartas\/\"><strong>jogar tarot<\/strong><\/a> em nosso blog, \u00e9 uma leitura simples e r\u00e1pida!<\/p>\n<p style=\"text-align: center;\"><span style=\"color: #ffffff;\"><a style=\"color: #ffffff;\" href=\"https:\/\/www.iquilibrio.com\/esotericos\/?utm_campaign=blog_conversao&amp;utm_medium=texto_cta&amp;utm_source=blog&amp;utm_content=20220712_jogo_3-runas-gratis_botao_abaixo_ultimo_paragrafo\"><span class=\"td_btn td_btn_lg td_round_btn class-cta2\">Fale AGORA com um Esot\u00e9rico Online e Comece a Direcionar Melhor a sua Vida<\/span><\/a><\/span><\/p>\n\n\n<div class=\"kk-star-ratings kksr-shortcode\"\n    data-payload='{&quot;id&quot;:&quot;9910&quot;,&quot;slug&quot;:&quot;default&quot;,&quot;ignore&quot;:&quot;&quot;,&quot;reference&quot;:&quot;shortcode&quot;,&quot;align&quot;:&quot;&quot;,&quot;class&quot;:&quot;&quot;,&quot;count&quot;:&quot;243&quot;,&quot;legendonly&quot;:&quot;&quot;,&quot;readonly&quot;:&quot;&quot;,&quot;score&quot;:&quot;4.5&quot;,&quot;starsonly&quot;:&quot;&quot;,&quot;valign&quot;:&quot;&quot;,&quot;best&quot;:&quot;5&quot;,&quot;gap&quot;:&quot;5&quot;,&quot;greet&quot;:&quot;Rate this page&quot;,&quot;legend&quot;:&quot;4.5\\\/5 - (243 votos)&quot;,&quot;size&quot;:&quot;24&quot;,&quot;title&quot;:&quot;Jogo das 3 Runas Online Gr\u00e1tis&quot;,&quot;width&quot;:&quot;128&quot;,&quot;_legend&quot;:&quot;{score}\\\/{best} - ({count} {votes})&quot;,&quot;font_factor&quot;:&quot;1.25&quot;}'>\n            \n<div class=\"kksr-stars\">\n    \n<div class=\"kksr-stars-inactive\">\n            <div class=\"kksr-star\" data-star=\"1\" style=\"padding-right: 5px\">\n            \n\n<div class=\"kksr-icon\" style=\"width: 24px; height: 24px;\"><\/div>\n        <\/div>\n            <div class=\"kksr-star\" data-star=\"2\" style=\"padding-right: 5px\">\n            \n\n<div class=\"kksr-icon\" style=\"width: 24px; height: 24px;\"><\/div>\n        <\/div>\n            <div class=\"kksr-star\" data-star=\"3\" style=\"padding-right: 5px\">\n            \n\n<div class=\"kksr-icon\" style=\"width: 24px; height: 24px;\"><\/div>\n        <\/div>\n            <div class=\"kksr-star\" data-star=\"4\" style=\"padding-right: 5px\">\n            \n\n<div class=\"kksr-icon\" style=\"width: 24px; height: 24px;\"><\/div>\n        <\/div>\n            <div class=\"kksr-star\" data-star=\"5\" style=\"padding-right: 5px\">\n            \n\n<div class=\"kksr-icon\" style=\"width: 24px; height: 24px;\"><\/div>\n        <\/div>\n    <\/div>\n    \n<div class=\"kksr-stars-active\" style=\"width: 128px;\">\n            <div class=\"kksr-star\" style=\"padding-right: 5px\">\n            \n\n<div class=\"kksr-icon\" style=\"width: 24px; height: 24px;\"><\/div>\n        <\/div>\n            <div class=\"kksr-star\" style=\"padding-right: 5px\">\n            \n\n<div class=\"kksr-icon\" style=\"width: 24px; height: 24px;\"><\/div>\n        <\/div>\n            <div class=\"kksr-star\" style=\"padding-right: 5px\">\n            \n\n<div class=\"kksr-icon\" style=\"width: 24px; height: 24px;\"><\/div>\n        <\/div>\n            <div class=\"kksr-star\" style=\"padding-right: 5px\">\n            \n\n<div class=\"kksr-icon\" style=\"width: 24px; height: 24px;\"><\/div>\n        <\/div>\n            <div class=\"kksr-star\" style=\"padding-right: 5px\">\n            \n\n<div class=\"kksr-icon\" style=\"width: 24px; height: 24px;\"><\/div>\n        <\/div>\n    <\/div>\n<\/div>\n                \n\n<div class=\"kksr-legend\" style=\"font-size: 19.2px;\">\n            4.5\/5 - (243 votos)    <\/div>\n    <\/div>\n\n","protected":false},"excerpt":{"rendered":"<p>Agora voc\u00ea pode jogar runas online em mais um or\u00e1culo da iQuilibrio. Jogue as\u00a0Runas de Odin e descubra o que os Deuses N\u00f3rdicos querem te dizer! Voc\u00ea gosta dos jogos de runas e tarot gr\u00e1tis? N\u00e3o deixe de conhecer tamb\u00e9m os outros jogos dispon\u00edveis aqui em nosso blog! Procurando por respostas para melhorar sua vida? [&hellip;]<\/p>\n","protected":false},"author":20,"featured_media":29442,"parent":0,"menu_order":0,"comment_status":"closed","ping_status":"closed","template":"","meta":{"footnotes":""},"class_list":["post-9910","page","type-page","status-publish","has-post-thumbnail","hentry"],"yoast_head":"<!-- This site is optimized with the Yoast SEO plugin v27.4 - https:\/\/yoast.com\/product\/yoast-seo-wordpress\/ -->\n<title>Jogo das 3 Runas Online Gr\u00e1tis - Jogue Agora! | iQuilibrio<\/title>\n<meta name=\"description\" content=\"Quer saber o que as Runas N\u00f3rdicas querem te dizer hoje? Clique aqui, e fa\u00e7a o seu jogo das Runas online e veja o que esse or\u00e1culo tem para te revelar.\" \/>\n<meta name=\"robots\" content=\"index, follow, max-snippet:-1, max-image-preview:large, max-video-preview:-1\" \/>\n<link rel=\"canonical\" href=\"https:\/\/www.iquilibrio.com\/blog\/3-runas-online-gratis\/\" \/>\n<meta property=\"og:locale\" content=\"pt_BR\" \/>\n<meta property=\"og:type\" content=\"article\" \/>\n<meta property=\"og:title\" content=\"Jogo das 3 Runas Online Gr\u00e1tis - Jogue Agora! | iQuilibrio\" \/>\n<meta property=\"og:description\" content=\"Quer saber o que as Runas N\u00f3rdicas querem te dizer hoje? Clique aqui, e fa\u00e7a o seu jogo das Runas online e veja o que esse or\u00e1culo tem para te revelar.\" \/>\n<meta property=\"og:url\" content=\"https:\/\/www.iquilibrio.com\/blog\/3-runas-online-gratis\/\" \/>\n<meta property=\"og:site_name\" content=\"iQuilibrio\" \/>\n<meta property=\"article:publisher\" content=\"https:\/\/www.facebook.com\/iQuilibrio\/\" \/>\n<meta property=\"article:modified_time\" content=\"2022-07-12T20:42:02+00:00\" \/>\n<meta property=\"og:image\" content=\"https:\/\/www.iquilibrio.com\/blog\/wp-content\/uploads\/2020\/02\/jogo-das-3-runas.jpg\" \/>\n\t<meta property=\"og:image:width\" content=\"900\" \/>\n\t<meta property=\"og:image:height\" content=\"560\" \/>\n\t<meta property=\"og:image:type\" content=\"image\/jpeg\" \/>\n<meta name=\"twitter:card\" content=\"summary_large_image\" \/>\n<meta name=\"twitter:site\" content=\"@iquilibrio\" \/>\n<meta name=\"twitter:label1\" content=\"Est. tempo de leitura\" \/>\n\t<meta name=\"twitter:data1\" content=\"2 minutos\" \/>\n<script type=\"application\/ld+json\" class=\"yoast-schema-graph\">{\"@context\":\"https:\\\/\\\/schema.org\",\"@graph\":[{\"@type\":\"WebPage\",\"@id\":\"https:\\\/\\\/www.iquilibrio.com\\\/blog\\\/3-runas-online-gratis\\\/\",\"url\":\"https:\\\/\\\/www.iquilibrio.com\\\/blog\\\/3-runas-online-gratis\\\/\",\"name\":\"Jogo das 3 Runas Online Gr\u00e1tis - Jogue Agora! | iQuilibrio\",\"isPartOf\":{\"@id\":\"https:\\\/\\\/www.iquilibrio.com\\\/blog\\\/#website\"},\"primaryImageOfPage\":{\"@id\":\"https:\\\/\\\/www.iquilibrio.com\\\/blog\\\/3-runas-online-gratis\\\/#primaryimage\"},\"image\":{\"@id\":\"https:\\\/\\\/www.iquilibrio.com\\\/blog\\\/3-runas-online-gratis\\\/#primaryimage\"},\"thumbnailUrl\":\"https:\\\/\\\/www.iquilibrio.com\\\/blog\\\/wp-content\\\/uploads\\\/2020\\\/02\\\/jogo-das-3-runas.jpg\",\"datePublished\":\"2017-10-16T17:12:50+00:00\",\"dateModified\":\"2022-07-12T20:42:02+00:00\",\"description\":\"Quer saber o que as Runas N\u00f3rdicas querem te dizer hoje? Clique aqui, e fa\u00e7a o seu jogo das Runas online e veja o que esse or\u00e1culo tem para te revelar.\",\"breadcrumb\":{\"@id\":\"https:\\\/\\\/www.iquilibrio.com\\\/blog\\\/3-runas-online-gratis\\\/#breadcrumb\"},\"inLanguage\":\"pt-BR\",\"potentialAction\":[{\"@type\":\"ReadAction\",\"target\":[\"https:\\\/\\\/www.iquilibrio.com\\\/blog\\\/3-runas-online-gratis\\\/\"]}]},{\"@type\":\"ImageObject\",\"inLanguage\":\"pt-BR\",\"@id\":\"https:\\\/\\\/www.iquilibrio.com\\\/blog\\\/3-runas-online-gratis\\\/#primaryimage\",\"url\":\"https:\\\/\\\/www.iquilibrio.com\\\/blog\\\/wp-content\\\/uploads\\\/2020\\\/02\\\/jogo-das-3-runas.jpg\",\"contentUrl\":\"https:\\\/\\\/www.iquilibrio.com\\\/blog\\\/wp-content\\\/uploads\\\/2020\\\/02\\\/jogo-das-3-runas.jpg\",\"width\":900,\"height\":560},{\"@type\":\"BreadcrumbList\",\"@id\":\"https:\\\/\\\/www.iquilibrio.com\\\/blog\\\/3-runas-online-gratis\\\/#breadcrumb\",\"itemListElement\":[{\"@type\":\"ListItem\",\"position\":1,\"name\":\"In\u00edcio\",\"item\":\"https:\\\/\\\/www.iquilibrio.com\\\/blog\\\/\"},{\"@type\":\"ListItem\",\"position\":2,\"name\":\"Jogo das 3 Runas Online Gr\u00e1tis\"}]},{\"@type\":\"WebSite\",\"@id\":\"https:\\\/\\\/www.iquilibrio.com\\\/blog\\\/#website\",\"url\":\"https:\\\/\\\/www.iquilibrio.com\\\/blog\\\/\",\"name\":\"iQuilibrio\",\"description\":\"Blog iQuilibrio\",\"publisher\":{\"@id\":\"https:\\\/\\\/www.iquilibrio.com\\\/blog\\\/#organization\"},\"potentialAction\":[{\"@type\":\"SearchAction\",\"target\":{\"@type\":\"EntryPoint\",\"urlTemplate\":\"https:\\\/\\\/www.iquilibrio.com\\\/blog\\\/?s={search_term_string}\"},\"query-input\":{\"@type\":\"PropertyValueSpecification\",\"valueRequired\":true,\"valueName\":\"search_term_string\"}}],\"inLanguage\":\"pt-BR\"},{\"@type\":\"Organization\",\"@id\":\"https:\\\/\\\/www.iquilibrio.com\\\/blog\\\/#organization\",\"name\":\"Esoterismo, Misticismo e Tarot Online - iQuilibrio\",\"url\":\"https:\\\/\\\/www.iquilibrio.com\\\/blog\\\/\",\"logo\":{\"@type\":\"ImageObject\",\"inLanguage\":\"pt-BR\",\"@id\":\"https:\\\/\\\/www.iquilibrio.com\\\/blog\\\/#\\\/schema\\\/logo\\\/image\\\/\",\"url\":\"https:\\\/\\\/www.iquilibrio.com\\\/blog\\\/wp-content\\\/uploads\\\/2018\\\/12\\\/iquilibrio_lovo_vetor_preto-retina.png\",\"contentUrl\":\"https:\\\/\\\/www.iquilibrio.com\\\/blog\\\/wp-content\\\/uploads\\\/2018\\\/12\\\/iquilibrio_lovo_vetor_preto-retina.png\",\"width\":972,\"height\":180,\"caption\":\"Esoterismo, Misticismo e Tarot Online - iQuilibrio\"},\"image\":{\"@id\":\"https:\\\/\\\/www.iquilibrio.com\\\/blog\\\/#\\\/schema\\\/logo\\\/image\\\/\"},\"sameAs\":[\"https:\\\/\\\/www.facebook.com\\\/iQuilibrio\\\/\",\"https:\\\/\\\/x.com\\\/iquilibrio\",\"https:\\\/\\\/www.instagram.com\\\/iquilibrio\\\/\",\"https:\\\/\\\/www.linkedin.com\\\/company\\\/iquilibrio\\\/\",\"https:\\\/\\\/br.pinterest.com\\\/iquilibrio1397\\\/\",\"https:\\\/\\\/www.youtube.com\\\/channel\\\/UC175qxd-4Zsi4wzawT5zF2g\"]}]}<\/script>\n<!-- \/ Yoast SEO plugin. -->","yoast_head_json":{"title":"Jogo das 3 Runas Online Gr\u00e1tis - Jogue Agora! | iQuilibrio","description":"Quer saber o que as Runas N\u00f3rdicas querem te dizer hoje? Clique aqui, e fa\u00e7a o seu jogo das Runas online e veja o que esse or\u00e1culo tem para te revelar.","robots":{"index":"index","follow":"follow","max-snippet":"max-snippet:-1","max-image-preview":"max-image-preview:large","max-video-preview":"max-video-preview:-1"},"canonical":"https:\/\/www.iquilibrio.com\/blog\/3-runas-online-gratis\/","og_locale":"pt_BR","og_type":"article","og_title":"Jogo das 3 Runas Online Gr\u00e1tis - Jogue Agora! | iQuilibrio","og_description":"Quer saber o que as Runas N\u00f3rdicas querem te dizer hoje? Clique aqui, e fa\u00e7a o seu jogo das Runas online e veja o que esse or\u00e1culo tem para te revelar.","og_url":"https:\/\/www.iquilibrio.com\/blog\/3-runas-online-gratis\/","og_site_name":"iQuilibrio","article_publisher":"https:\/\/www.facebook.com\/iQuilibrio\/","article_modified_time":"2022-07-12T20:42:02+00:00","og_image":[{"width":900,"height":560,"url":"https:\/\/www.iquilibrio.com\/blog\/wp-content\/uploads\/2020\/02\/jogo-das-3-runas.jpg","type":"image\/jpeg"}],"twitter_card":"summary_large_image","twitter_site":"@iquilibrio","twitter_misc":{"Est. tempo de leitura":"2 minutos"},"schema":{"@context":"https:\/\/schema.org","@graph":[{"@type":"WebPage","@id":"https:\/\/www.iquilibrio.com\/blog\/3-runas-online-gratis\/","url":"https:\/\/www.iquilibrio.com\/blog\/3-runas-online-gratis\/","name":"Jogo das 3 Runas Online Gr\u00e1tis - Jogue Agora! | iQuilibrio","isPartOf":{"@id":"https:\/\/www.iquilibrio.com\/blog\/#website"},"primaryImageOfPage":{"@id":"https:\/\/www.iquilibrio.com\/blog\/3-runas-online-gratis\/#primaryimage"},"image":{"@id":"https:\/\/www.iquilibrio.com\/blog\/3-runas-online-gratis\/#primaryimage"},"thumbnailUrl":"https:\/\/www.iquilibrio.com\/blog\/wp-content\/uploads\/2020\/02\/jogo-das-3-runas.jpg","datePublished":"2017-10-16T17:12:50+00:00","dateModified":"2022-07-12T20:42:02+00:00","description":"Quer saber o que as Runas N\u00f3rdicas querem te dizer hoje? Clique aqui, e fa\u00e7a o seu jogo das Runas online e veja o que esse or\u00e1culo tem para te revelar.","breadcrumb":{"@id":"https:\/\/www.iquilibrio.com\/blog\/3-runas-online-gratis\/#breadcrumb"},"inLanguage":"pt-BR","potentialAction":[{"@type":"ReadAction","target":["https:\/\/www.iquilibrio.com\/blog\/3-runas-online-gratis\/"]}]},{"@type":"ImageObject","inLanguage":"pt-BR","@id":"https:\/\/www.iquilibrio.com\/blog\/3-runas-online-gratis\/#primaryimage","url":"https:\/\/www.iquilibrio.com\/blog\/wp-content\/uploads\/2020\/02\/jogo-das-3-runas.jpg","contentUrl":"https:\/\/www.iquilibrio.com\/blog\/wp-content\/uploads\/2020\/02\/jogo-das-3-runas.jpg","width":900,"height":560},{"@type":"BreadcrumbList","@id":"https:\/\/www.iquilibrio.com\/blog\/3-runas-online-gratis\/#breadcrumb","itemListElement":[{"@type":"ListItem","position":1,"name":"In\u00edcio","item":"https:\/\/www.iquilibrio.com\/blog\/"},{"@type":"ListItem","position":2,"name":"Jogo das 3 Runas Online Gr\u00e1tis"}]},{"@type":"WebSite","@id":"https:\/\/www.iquilibrio.com\/blog\/#website","url":"https:\/\/www.iquilibrio.com\/blog\/","name":"iQuilibrio","description":"Blog iQuilibrio","publisher":{"@id":"https:\/\/www.iquilibrio.com\/blog\/#organization"},"potentialAction":[{"@type":"SearchAction","target":{"@type":"EntryPoint","urlTemplate":"https:\/\/www.iquilibrio.com\/blog\/?s={search_term_string}"},"query-input":{"@type":"PropertyValueSpecification","valueRequired":true,"valueName":"search_term_string"}}],"inLanguage":"pt-BR"},{"@type":"Organization","@id":"https:\/\/www.iquilibrio.com\/blog\/#organization","name":"Esoterismo, Misticismo e Tarot Online - iQuilibrio","url":"https:\/\/www.iquilibrio.com\/blog\/","logo":{"@type":"ImageObject","inLanguage":"pt-BR","@id":"https:\/\/www.iquilibrio.com\/blog\/#\/schema\/logo\/image\/","url":"https:\/\/www.iquilibrio.com\/blog\/wp-content\/uploads\/2018\/12\/iquilibrio_lovo_vetor_preto-retina.png","contentUrl":"https:\/\/www.iquilibrio.com\/blog\/wp-content\/uploads\/2018\/12\/iquilibrio_lovo_vetor_preto-retina.png","width":972,"height":180,"caption":"Esoterismo, Misticismo e Tarot Online - iQuilibrio"},"image":{"@id":"https:\/\/www.iquilibrio.com\/blog\/#\/schema\/logo\/image\/"},"sameAs":["https:\/\/www.facebook.com\/iQuilibrio\/","https:\/\/x.com\/iquilibrio","https:\/\/www.instagram.com\/iquilibrio\/","https:\/\/www.linkedin.com\/company\/iquilibrio\/","https:\/\/br.pinterest.com\/iquilibrio1397\/","https:\/\/www.youtube.com\/channel\/UC175qxd-4Zsi4wzawT5zF2g"]}]}},"_links":{"self":[{"href":"https:\/\/www.iquilibrio.com\/blog\/wp-json\/wp\/v2\/pages\/9910","targetHints":{"allow":["GET"]}}],"collection":[{"href":"https:\/\/www.iquilibrio.com\/blog\/wp-json\/wp\/v2\/pages"}],"about":[{"href":"https:\/\/www.iquilibrio.com\/blog\/wp-json\/wp\/v2\/types\/page"}],"author":[{"embeddable":true,"href":"https:\/\/www.iquilibrio.com\/blog\/wp-json\/wp\/v2\/users\/20"}],"replies":[{"embeddable":true,"href":"https:\/\/www.iquilibrio.com\/blog\/wp-json\/wp\/v2\/comments?post=9910"}],"version-history":[{"count":19,"href":"https:\/\/www.iquilibrio.com\/blog\/wp-json\/wp\/v2\/pages\/9910\/revisions"}],"predecessor-version":[{"id":36268,"href":"https:\/\/www.iquilibrio.com\/blog\/wp-json\/wp\/v2\/pages\/9910\/revisions\/36268"}],"wp:featuredmedia":[{"embeddable":true,"href":"https:\/\/www.iquilibrio.com\/blog\/wp-json\/wp\/v2\/media\/29442"}],"wp:attachment":[{"href":"https:\/\/www.iquilibrio.com\/blog\/wp-json\/wp\/v2\/media?parent=9910"}],"curies":[{"name":"wp","href":"https:\/\/api.w.org\/{rel}","templated":true}]}}